{"id":340,"date":"2019-01-08T15:13:02","date_gmt":"2019-01-08T15:13:02","guid":{"rendered":"http:\/\/146.66.80.115\/~uuggoo98\/aeen.pt\/?page_id=340"},"modified":"2019-02-27T20:14:28","modified_gmt":"2019-02-27T20:14:28","slug":"oferta-educativa","status":"publish","type":"page","link":"https:\/\/2019-2022.aeen.pt\/?page_id=340","title":{"rendered":"Oferta Formativa"},"content":{"rendered":"\t\t<div data-elementor-type=\"wp-post\" data-elementor-id=\"340\" class=\"elementor elementor-340 elementor-bc-flex-widget\">\n\t\t\t\t\t\t<section class=\"elementor-section elementor-top-section elementor-element elementor-element-2b21ddd5 elementor-section-boxed elementor-section-height-default elementor-section-height-default\" data-id=\"2b21ddd5\" data-element_type=\"section\" data-e-type=\"section\">\n\t\t\t\t\t\t<div class=\"elementor-container elementor-column-gap-default\">\n\t\t\t\t\t<div class=\"elementor-column elementor-col-100 elementor-top-column elementor-element elementor-element-67b20dd6\" data-id=\"67b20dd6\" data-element_type=\"column\" data-e-type=\"column\">\n\t\t\t<div class=\"elementor-widget-wrap elementor-element-populated\">\n\t\t\t\t\t\t<div class=\"elementor-element elementor-element-52d80acf elementor-widget elementor-widget-text-editor\" data-id=\"52d80acf\" data-element_type=\"widget\" data-e-type=\"widget\" data-widget_type=\"text-editor.default\">\n\t\t\t\t<div class=\"elementor-widget-container\">\n\t\t\t\t\t\t\t\t\t<div class=\"entry-content\"><p>A Oferta Formativa do Agrupamento de Escolas de Em\u00eddio Navarro inclui, no ano letivo de 2018-2019, todos os graus de ensino desde o Jardim de Inf\u00e2ncia ao n\u00edvel Secund\u00e1rio.<\/p><p>No Ensino Secund\u00e1rio a oferta inclui:<\/p><p><strong>Cursos Cient\u00edficos-Human\u00edsticos:<\/strong><\/p><p style=\"padding-left: 40px;\">Artes Visuais<\/p><p style=\"padding-left: 40px;\">Ci\u00eancias e Tecnologias<\/p><p style=\"padding-left: 40px;\">Ci\u00eancias Socioecon\u00f3micas<\/p><p style=\"padding-left: 40px;\">L\u00ednguas e Humanidades<\/p><p><strong>Cursos Profissionais:<\/strong><\/p><p style=\"padding-left: 40px;\">T\u00e9cnico de Eletr\u00f3nica, Automa\u00e7\u00e3o e Computadores<\/p><p style=\"padding-left: 40px;\">T\u00e9cnico de Mecatr\u00f3nica<\/p><p style=\"padding-left: 40px;\">T\u00e9cnico de Instala\u00e7\u00f5es El\u00e9tricas<\/p><p style=\"padding-left: 40px;\">T\u00e9cnico de Manuten\u00e7\u00e3o Industrial &#8211; Mecatr\u00f3nica Autom\u00f3vel<\/p><\/div><p>\u00a0<\/p>\t\t\t\t\t\t\t\t<\/div>\n\t\t\t\t<\/div>\n\t\t\t\t\t<\/div>\n\t\t<\/div>\n\t\t\t\t\t<\/div>\n\t\t<\/section>\n\t\t\t\t<\/div>\n\t\t","protected":false},"excerpt":{"rendered":"<p>A Oferta Formativa do Agrupamento de Escolas de Em\u00eddio Navarro inclui, no ano letivo de 2018-2019, todos os graus de ensino desde o Jardim de Inf\u00e2ncia ao n\u00edvel Secund\u00e1rio. No Ensino Secund\u00e1rio a oferta inclui: Cursos Cient\u00edficos-Human\u00edsticos: Artes Visuais Ci\u00eancias e Tecnologias Ci\u00eancias Socioecon\u00f3micas L\u00ednguas e Humanidades Cursos Profissionais: T\u00e9cnico de Eletr\u00f3nica, Automa\u00e7\u00e3o e Computadores [&hellip;]<\/p>\n","protected":false},"author":1,"featured_media":0,"parent":0,"menu_order":0,"comment_status":"closed","ping_status":"closed","template":"","meta":{"jetpack_post_was_ever_published":false,"footnotes":""},"class_list":["post-340","page","type-page","status-publish","hentry"],"jetpack_sharing_enabled":true,"jetpack_shortlink":"https:\/\/wp.me\/PaATgZ-5u","_links":{"self":[{"href":"https:\/\/2019-2022.aeen.pt\/index.php?rest_route=\/wp\/v2\/pages\/340","targetHints":{"allow":["GET"]}}],"collection":[{"href":"https:\/\/2019-2022.aeen.pt\/index.php?rest_route=\/wp\/v2\/pages"}],"about":[{"href":"https:\/\/2019-2022.aeen.pt\/index.php?rest_route=\/wp\/v2\/types\/page"}],"author":[{"embeddable":true,"href":"https:\/\/2019-2022.aeen.pt\/index.php?rest_route=\/wp\/v2\/users\/1"}],"replies":[{"embeddable":true,"href":"https:\/\/2019-2022.aeen.pt\/index.php?rest_route=%2Fwp%2Fv2%2Fcomments&post=340"}],"version-history":[{"count":4,"href":"https:\/\/2019-2022.aeen.pt\/index.php?rest_route=\/wp\/v2\/pages\/340\/revisions"}],"predecessor-version":[{"id":925,"href":"https:\/\/2019-2022.aeen.pt\/index.php?rest_route=\/wp\/v2\/pages\/340\/revisions\/925"}],"wp:attachment":[{"href":"https:\/\/2019-2022.aeen.pt\/index.php?rest_route=%2Fwp%2Fv2%2Fmedia&parent=340"}],"curies":[{"name":"wp","href":"https:\/\/api.w.org\/{rel}","templated":true}]}}