{"id":335,"date":"2019-01-08T15:12:55","date_gmt":"2019-01-08T15:12:55","guid":{"rendered":"http:\/\/146.66.80.115\/~uuggoo98\/aeen.pt\/?page_id=335"},"modified":"2021-10-18T18:01:31","modified_gmt":"2021-10-18T18:01:31","slug":"associacoes","status":"publish","type":"page","link":"https:\/\/2019-2022.aeen.pt\/?page_id=335","title":{"rendered":"Associa\u00e7\u00f5es"},"content":{"rendered":"\t\t<div data-elementor-type=\"wp-post\" data-elementor-id=\"335\" class=\"elementor elementor-335\">\n\t\t\t\t\t\t<section class=\"elementor-section elementor-top-section elementor-element elementor-element-7dbfc6e elementor-section-boxed elementor-section-height-default elementor-section-height-default\" data-id=\"7dbfc6e\" data-element_type=\"section\" data-e-type=\"section\">\n\t\t\t\t\t\t<div class=\"elementor-container elementor-column-gap-default\">\n\t\t\t\t\t<div class=\"elementor-column elementor-col-50 elementor-top-column elementor-element elementor-element-64e84c3\" data-id=\"64e84c3\" data-element_type=\"column\" data-e-type=\"column\">\n\t\t\t<div class=\"elementor-widget-wrap elementor-element-populated\">\n\t\t\t\t\t\t<div class=\"elementor-element elementor-element-93db723 elementor-position-top elementor-widget elementor-widget-image-box\" data-id=\"93db723\" data-element_type=\"widget\" data-e-type=\"widget\" data-widget_type=\"image-box.default\">\n\t\t\t\t<div class=\"elementor-widget-container\">\n\t\t\t\t\t<div class=\"elementor-image-box-wrapper\"><figure class=\"elementor-image-box-img\"><a href=\"http:\/\/aeen.pt\/home\/?page_id=504\" tabindex=\"-1\"><img fetchpriority=\"high\" decoding=\"async\" width=\"653\" height=\"491\" src=\"https:\/\/i0.wp.com\/2019-2022.aeen.pt\/wp-content\/uploads\/2019\/03\/APEE_Logo.jpg?fit=653%2C491&amp;ssl=1\" class=\"attachment-full size-full wp-image-1246\" alt=\"\" srcset=\"https:\/\/i0.wp.com\/2019-2022.aeen.pt\/wp-content\/uploads\/2019\/03\/APEE_Logo.jpg?w=653&amp;ssl=1 653w, https:\/\/i0.wp.com\/2019-2022.aeen.pt\/wp-content\/uploads\/2019\/03\/APEE_Logo.jpg?resize=300%2C226&amp;ssl=1 300w\" sizes=\"(max-width: 640px) 100vw, 640px\" \/><\/a><\/figure><div class=\"elementor-image-box-content\"><h4 class=\"elementor-image-box-title\"><a href=\"http:\/\/aeen.pt\/home\/?page_id=504\">Associa\u00e7\u00e3o de Pais e Encarregados de Educa\u00e7\u00e3o da Escola Sec Em\u00eddio Navarro<\/a><\/h4><\/div><\/div>\t\t\t\t<\/div>\n\t\t\t\t<\/div>\n\t\t\t\t\t<\/div>\n\t\t<\/div>\n\t\t\t\t<div class=\"elementor-column elementor-col-50 elementor-top-column elementor-element elementor-element-4b4e4db\" data-id=\"4b4e4db\" data-element_type=\"column\" data-e-type=\"column\">\n\t\t\t<div class=\"elementor-widget-wrap elementor-element-populated\">\n\t\t\t\t\t\t<div class=\"elementor-element elementor-element-7629b18 elementor-position-top elementor-widget elementor-widget-image-box\" data-id=\"7629b18\" data-element_type=\"widget\" data-e-type=\"widget\" data-widget_type=\"image-box.default\">\n\t\t\t\t<div class=\"elementor-widget-container\">\n\t\t\t\t\t<div class=\"elementor-image-box-wrapper\"><figure class=\"elementor-image-box-img\"><a href=\"http:\/\/aeen.pt\/home\/?cat=94\" tabindex=\"-1\"><img decoding=\"async\" width=\"819\" height=\"497\" src=\"https:\/\/i0.wp.com\/2019-2022.aeen.pt\/wp-content\/uploads\/2019\/01\/Logo-AEEN2.jpg?fit=819%2C497&amp;ssl=1\" class=\"attachment-full size-full wp-image-639\" alt=\"\" srcset=\"https:\/\/i0.wp.com\/2019-2022.aeen.pt\/wp-content\/uploads\/2019\/01\/Logo-AEEN2.jpg?w=819&amp;ssl=1 819w, https:\/\/i0.wp.com\/2019-2022.aeen.pt\/wp-content\/uploads\/2019\/01\/Logo-AEEN2.jpg?resize=300%2C182&amp;ssl=1 300w, https:\/\/i0.wp.com\/2019-2022.aeen.pt\/wp-content\/uploads\/2019\/01\/Logo-AEEN2.jpg?resize=768%2C466&amp;ssl=1 768w\" sizes=\"(max-width: 640px) 100vw, 640px\" \/><\/a><\/figure><div class=\"elementor-image-box-content\"><h4 class=\"elementor-image-box-title\"><a href=\"http:\/\/aeen.pt\/home\/?cat=94\">Associa\u00e7\u00e3o de Pais e Encarregados de Educa\u00e7\u00e3o da Escola D. Ant\u00f3nio da Costa<\/a><\/h4><\/div><\/div>\t\t\t\t<\/div>\n\t\t\t\t<\/div>\n\t\t\t\t\t<\/div>\n\t\t<\/div>\n\t\t\t\t\t<\/div>\n\t\t<\/section>\n\t\t\t\t<section class=\"elementor-section elementor-top-section elementor-element elementor-element-3b9fdd7 elementor-section-boxed elementor-section-height-default elementor-section-height-default\" data-id=\"3b9fdd7\" data-element_type=\"section\" data-e-type=\"section\">\n\t\t\t\t\t\t<div class=\"elementor-container elementor-column-gap-default\">\n\t\t\t\t\t<div class=\"elementor-column elementor-col-100 elementor-top-column elementor-element elementor-element-6452c51\" data-id=\"6452c51\" data-element_type=\"column\" data-e-type=\"column\">\n\t\t\t<div class=\"elementor-widget-wrap elementor-element-populated\">\n\t\t\t\t\t\t<section class=\"elementor-section elementor-inner-section elementor-element elementor-element-1dcc423 elementor-section-boxed elementor-section-height-default elementor-section-height-default\" data-id=\"1dcc423\" data-element_type=\"section\" data-e-type=\"section\">\n\t\t\t\t\t\t<div class=\"elementor-container elementor-column-gap-default\">\n\t\t\t\t\t<div class=\"elementor-column elementor-col-50 elementor-inner-column elementor-element elementor-element-9a29aec\" data-id=\"9a29aec\" data-element_type=\"column\" data-e-type=\"column\">\n\t\t\t<div class=\"elementor-widget-wrap elementor-element-populated\">\n\t\t\t\t\t\t<div class=\"elementor-element elementor-element-408e2ff elementor-position-top elementor-widget elementor-widget-image-box\" data-id=\"408e2ff\" data-element_type=\"widget\" data-e-type=\"widget\" data-widget_type=\"image-box.default\">\n\t\t\t\t<div class=\"elementor-widget-container\">\n\t\t\t\t\t<div class=\"elementor-image-box-wrapper\"><figure class=\"elementor-image-box-img\"><a href=\"http:\/\/aeen.pt\/home\/?cat=97\" tabindex=\"-1\"><img decoding=\"async\" width=\"634\" height=\"629\" src=\"https:\/\/i0.wp.com\/2019-2022.aeen.pt\/wp-content\/uploads\/2019\/01\/logoESEN.png?fit=634%2C629&amp;ssl=1\" class=\"attachment-full size-full wp-image-252\" alt=\"EEN\" srcset=\"https:\/\/i0.wp.com\/2019-2022.aeen.pt\/wp-content\/uploads\/2019\/01\/logoESEN.png?w=634&amp;ssl=1 634w, https:\/\/i0.wp.com\/2019-2022.aeen.pt\/wp-content\/uploads\/2019\/01\/logoESEN.png?resize=150%2C150&amp;ssl=1 150w, https:\/\/i0.wp.com\/2019-2022.aeen.pt\/wp-content\/uploads\/2019\/01\/logoESEN.png?resize=300%2C298&amp;ssl=1 300w\" sizes=\"(max-width: 634px) 100vw, 634px\" \/><\/a><\/figure><div class=\"elementor-image-box-content\"><h4 class=\"elementor-image-box-title\"><a href=\"http:\/\/aeen.pt\/home\/?cat=97\">Associa\u00e7\u00e3o de Estudantes<\/a><\/h4><\/div><\/div>\t\t\t\t<\/div>\n\t\t\t\t<\/div>\n\t\t\t\t\t<\/div>\n\t\t<\/div>\n\t\t\t\t<div class=\"elementor-column elementor-col-50 elementor-inner-column elementor-element elementor-element-c77faca\" data-id=\"c77faca\" data-element_type=\"column\" data-e-type=\"column\">\n\t\t\t<div class=\"elementor-widget-wrap elementor-element-populated\">\n\t\t\t\t\t\t<div class=\"elementor-element elementor-element-8a2b8c5 elementor-position-top elementor-widget elementor-widget-image-box\" data-id=\"8a2b8c5\" data-element_type=\"widget\" data-e-type=\"widget\" data-widget_type=\"image-box.default\">\n\t\t\t\t<div class=\"elementor-widget-container\">\n\t\t\t\t\t<div class=\"elementor-image-box-wrapper\"><figure class=\"elementor-image-box-img\"><a href=\"https:\/\/www.facebook.com\/profile.php?id=100009712592134&#038;pnref=story\" target=\"_blank\" tabindex=\"-1\"><img loading=\"lazy\" decoding=\"async\" width=\"365\" height=\"317\" src=\"https:\/\/i0.wp.com\/2019-2022.aeen.pt\/wp-content\/uploads\/2019\/01\/AAAESEN.jpg?fit=365%2C317&amp;ssl=1\" class=\"attachment-full size-full wp-image-644\" alt=\"\" srcset=\"https:\/\/i0.wp.com\/2019-2022.aeen.pt\/wp-content\/uploads\/2019\/01\/AAAESEN.jpg?w=365&amp;ssl=1 365w, https:\/\/i0.wp.com\/2019-2022.aeen.pt\/wp-content\/uploads\/2019\/01\/AAAESEN.jpg?resize=300%2C261&amp;ssl=1 300w\" sizes=\"(max-width: 365px) 100vw, 365px\" \/><\/a><\/figure><div class=\"elementor-image-box-content\"><h4 class=\"elementor-image-box-title\"><a href=\"https:\/\/www.facebook.com\/profile.php?id=100009712592134&#038;pnref=story\" target=\"_blank\">Associa\u00e7\u00e3o de Antigos Alunos da ESEN<\/a><\/h4><\/div><\/div>\t\t\t\t<\/div>\n\t\t\t\t<\/div>\n\t\t\t\t\t<\/div>\n\t\t<\/div>\n\t\t\t\t\t<\/div>\n\t\t<\/section>\n\t\t\t\t\t<\/div>\n\t\t<\/div>\n\t\t\t\t\t<\/div>\n\t\t<\/section>\n\t\t\t\t<\/div>\n\t\t","protected":false},"excerpt":{"rendered":"<p>Associa\u00e7\u00e3o de Pais e Encarregados de Educa\u00e7\u00e3o da Escola Sec Em\u00eddio Navarro Associa\u00e7\u00e3o de Pais e Encarregados de Educa\u00e7\u00e3o da Escola D. Ant\u00f3nio da Costa Associa\u00e7\u00e3o de Estudantes Associa\u00e7\u00e3o de Antigos Alunos da ESEN<\/p>\n","protected":false},"author":1,"featured_media":0,"parent":0,"menu_order":0,"comment_status":"closed","ping_status":"closed","template":"","meta":{"jetpack_post_was_ever_published":false,"footnotes":""},"class_list":["post-335","page","type-page","status-publish","hentry"],"jetpack_sharing_enabled":true,"jetpack_shortlink":"https:\/\/wp.me\/PaATgZ-5p","_links":{"self":[{"href":"https:\/\/2019-2022.aeen.pt\/index.php?rest_route=\/wp\/v2\/pages\/335","targetHints":{"allow":["GET"]}}],"collection":[{"href":"https:\/\/2019-2022.aeen.pt\/index.php?rest_route=\/wp\/v2\/pages"}],"about":[{"href":"https:\/\/2019-2022.aeen.pt\/index.php?rest_route=\/wp\/v2\/types\/page"}],"author":[{"embeddable":true,"href":"https:\/\/2019-2022.aeen.pt\/index.php?rest_route=\/wp\/v2\/users\/1"}],"replies":[{"embeddable":true,"href":"https:\/\/2019-2022.aeen.pt\/index.php?rest_route=%2Fwp%2Fv2%2Fcomments&post=335"}],"version-history":[{"count":21,"href":"https:\/\/2019-2022.aeen.pt\/index.php?rest_route=\/wp\/v2\/pages\/335\/revisions"}],"predecessor-version":[{"id":4985,"href":"https:\/\/2019-2022.aeen.pt\/index.php?rest_route=\/wp\/v2\/pages\/335\/revisions\/4985"}],"wp:attachment":[{"href":"https:\/\/2019-2022.aeen.pt\/index.php?rest_route=%2Fwp%2Fv2%2Fmedia&parent=335"}],"curies":[{"name":"wp","href":"https:\/\/api.w.org\/{rel}","templated":true}]}}