{"id":324,"date":"2022-06-08T15:11:36","date_gmt":"2022-06-08T15:11:36","guid":{"rendered":"http:\/\/146.66.80.115\/~uuggoo98\/aeen.pt\/?page_id=324"},"modified":"2023-03-05T23:56:33","modified_gmt":"2023-03-05T23:56:33","slug":"direcao","status":"publish","type":"page","link":"https:\/\/2019-2022.aeen.pt\/?page_id=324","title":{"rendered":"Dire\u00e7\u00e3o"},"content":{"rendered":"\t\t<div data-elementor-type=\"wp-post\" data-elementor-id=\"324\" class=\"elementor elementor-324\">\n\t\t\t\t\t\t<section class=\"elementor-section elementor-top-section elementor-element elementor-element-f99a5d8 elementor-section-boxed elementor-section-height-default elementor-section-height-default\" data-id=\"f99a5d8\" data-element_type=\"section\" data-e-type=\"section\">\n\t\t\t\t\t\t<div class=\"elementor-container elementor-column-gap-default\">\n\t\t\t\t\t<div class=\"elementor-column elementor-col-100 elementor-top-column elementor-element elementor-element-4b81ac8\" data-id=\"4b81ac8\" data-element_type=\"column\" data-e-type=\"column\">\n\t\t\t<div class=\"elementor-widget-wrap elementor-element-populated\">\n\t\t\t\t\t\t<div class=\"elementor-element elementor-element-7ff20e4 elementor-widget elementor-widget-text-editor\" data-id=\"7ff20e4\" data-element_type=\"widget\" data-e-type=\"widget\" data-widget_type=\"text-editor.default\">\n\t\t\t\t<div class=\"elementor-widget-container\">\n\t\t\t\t\t\t\t\t\t<p>A Dire\u00e7\u00e3o do Agrupamento de Escolas de Em\u00eddio Navarro para o quadri\u00e9nio 2022\/2026, \u00e9 composta pelos seguintes elementos:<\/p><p>Diretor:<\/p><p style=\"padding-left: 40px;\">Manuel Gon\u00e7alves Al\u00e9m<\/p><p>Subdiretora:<\/p><p style=\"padding-left: 40px;\">Florbela Hil\u00e1rio Gon\u00e7alves Pires<\/p><p>Adjunta para o Ensino B\u00e1sico &#8211; 2\u00ba e 3\u00ba Ciclos:<\/p><p style=\"padding-left: 40px;\">Cristina dos Santos Amaral<\/p><p>Adjunta para o Ensino B\u00e1sico &#8211; Educa\u00e7\u00e3o Pr\u00e9-Escolar e 1\u00ba Ciclo:<\/p><p style=\"padding-left: 40px;\">Maria Cristina Filipe Peneda<\/p>\t\t\t\t\t\t\t\t<\/div>\n\t\t\t\t<\/div>\n\t\t\t\t\t<\/div>\n\t\t<\/div>\n\t\t\t\t\t<\/div>\n\t\t<\/section>\n\t\t\t\t<\/div>\n\t\t","protected":false},"excerpt":{"rendered":"<p>A Dire\u00e7\u00e3o do Agrupamento de Escolas de Em\u00eddio Navarro para o quadri\u00e9nio 2022\/2026, \u00e9 composta pelos seguintes elementos: Diretor: Manuel Gon\u00e7alves Al\u00e9m Subdiretora: Florbela Hil\u00e1rio Gon\u00e7alves Pires Adjunta para o Ensino B\u00e1sico &#8211; 2\u00ba e 3\u00ba Ciclos: Cristina dos Santos Amaral Adjunta para o Ensino B\u00e1sico &#8211; Educa\u00e7\u00e3o Pr\u00e9-Escolar e 1\u00ba Ciclo: Maria Cristina Filipe [&hellip;]<\/p>\n","protected":false},"author":3,"featured_media":0,"parent":0,"menu_order":0,"comment_status":"closed","ping_status":"closed","template":"","meta":{"jetpack_post_was_ever_published":false,"footnotes":""},"class_list":["post-324","page","type-page","status-publish","hentry"],"jetpack_sharing_enabled":true,"jetpack_shortlink":"https:\/\/wp.me\/PaATgZ-5e","_links":{"self":[{"href":"https:\/\/2019-2022.aeen.pt\/index.php?rest_route=\/wp\/v2\/pages\/324","targetHints":{"allow":["GET"]}}],"collection":[{"href":"https:\/\/2019-2022.aeen.pt\/index.php?rest_route=\/wp\/v2\/pages"}],"about":[{"href":"https:\/\/2019-2022.aeen.pt\/index.php?rest_route=\/wp\/v2\/types\/page"}],"author":[{"embeddable":true,"href":"https:\/\/2019-2022.aeen.pt\/index.php?rest_route=\/wp\/v2\/users\/3"}],"replies":[{"embeddable":true,"href":"https:\/\/2019-2022.aeen.pt\/index.php?rest_route=%2Fwp%2Fv2%2Fcomments&post=324"}],"version-history":[{"count":18,"href":"https:\/\/2019-2022.aeen.pt\/index.php?rest_route=\/wp\/v2\/pages\/324\/revisions"}],"predecessor-version":[{"id":6502,"href":"https:\/\/2019-2022.aeen.pt\/index.php?rest_route=\/wp\/v2\/pages\/324\/revisions\/6502"}],"wp:attachment":[{"href":"https:\/\/2019-2022.aeen.pt\/index.php?rest_route=%2Fwp%2Fv2%2Fmedia&parent=324"}],"curies":[{"name":"wp","href":"https:\/\/api.w.org\/{rel}","templated":true}]}}